{"id":11430,"date":"2023-12-04T12:07:47","date_gmt":"2023-12-04T11:07:47","guid":{"rendered":"https:\/\/priatherm.com\/sistema-di-segnalazione-whistleblowing-di-priatherm\/"},"modified":"2023-12-06T10:08:04","modified_gmt":"2023-12-06T09:08:04","slug":"sistema-di-segnalazione-whistleblowing-di-priatherm","status":"publish","type":"page","link":"https:\/\/priatherm.com\/it\/sistema-di-segnalazione-whistleblowing-di-priatherm\/","title":{"rendered":"Sistema di Segnalazione (Whistleblowing) di Priatherm"},"content":{"rendered":"<p>[et_pb_section fb_built=&#8221;1&#8243; fullwidth=&#8221;on&#8221; _builder_version=&#8221;4.18.0&#8243; _module_preset=&#8221;default&#8221; min_height=&#8221;60vh&#8221; locked=&#8221;off&#8221; global_colors_info=&#8221;{}&#8221;][et_pb_fullwidth_slider show_arrows=&#8221;off&#8221; show_pagination=&#8221;off&#8221; arrows_custom_color=&#8221;#abc52e&#8221; dot_nav_custom_color=&#8221;#abc52e&#8221; _builder_version=&#8221;4.23.1&#8243; _module_preset=&#8221;default&#8221; header_level=&#8221;h1&#8243; header_font=&#8221;|700|||||||&#8221; header_font_size=&#8221;40px&#8221; header_line_height=&#8221;1.2em&#8221; background_enable_image=&#8221;off&#8221; min_height=&#8221;60vh&#8221; max_height=&#8221;42vh&#8221; max_height_tablet=&#8221;55vh&#8221; max_height_phone=&#8221;55vh&#8221; max_height_last_edited=&#8221;on|desktop&#8221; global_colors_info=&#8221;{}&#8221;][et_pb_slide heading=&#8221;@ET-DC@eyJkeW5hbWljIjp0cnVlLCJjb250ZW50IjoicG9zdF90aXRsZSIsInNldHRpbmdzIjp7ImJlZm9yZSI6IiIsImFmdGVyIjoiIn19@&#8221; _builder_version=&#8221;4.23.1&#8243; _dynamic_attributes=&#8221;heading,background_image&#8221; _module_preset=&#8221;default&#8221; header_level=&#8221;h1&#8243; header_font=&#8221;|700|||||||&#8221; header_font_size=&#8221;40px&#8221; background_color=&#8221;rgba(0,0,0,0.3)&#8221; background_enable_color=&#8221;on&#8221; background_image=&#8221;@ET-DC@eyJkeW5hbWljIjp0cnVlLCJjb250ZW50IjoicG9zdF9mZWF0dXJlZF9pbWFnZSIsInNldHRpbmdzIjp7fX0=@&#8221; background_enable_image=&#8221;on&#8221; background_blend=&#8221;overlay&#8221; global_colors_info=&#8221;{}&#8221; sticky_transition=&#8221;on&#8221;][\/et_pb_slide][\/et_pb_fullwidth_slider][\/et_pb_section][et_pb_section fb_built=&#8221;1&#8243; _builder_version=&#8221;4.16&#8243; global_colors_info=&#8221;{}&#8221;][et_pb_row _builder_version=&#8221;4.16&#8243; background_size=&#8221;initial&#8221; background_position=&#8221;top_left&#8221; background_repeat=&#8221;repeat&#8221; global_colors_info=&#8221;{}&#8221;][et_pb_column type=&#8221;4_4&#8243; _builder_version=&#8221;4.16&#8243; custom_padding=&#8221;|||&#8221; global_colors_info=&#8221;{}&#8221; custom_padding__hover=&#8221;|||&#8221;][et_pb_text _builder_version=&#8221;4.23.1&#8243; background_size=&#8221;initial&#8221; background_position=&#8221;top_left&#8221; background_repeat=&#8221;repeat&#8221; global_colors_info=&#8221;{}&#8221;]<\/p>\n<div class=\"content grid-two-thirds row\">\n<div class=\"tinytxt\">\n<div class=\"tinytxt\">\n<h2><strong>Promuovere l&#8217;Integrit\u00e0 e la Fiducia<\/strong><\/h2>\n<p>In Priatherm, ci impegniamo a mantenere i pi\u00f9 elevati standard di etica aziendale e integrit\u00e0. Il nostro sistema di segnalazione (whistleblowing) rappresenta un elemento cruciale per garantire trasparenza e fiducia tra i nostri dipendenti, clienti e tutte le parti interessate. Se sospettate un comportamento non corretto nella nostra organizzazione, vi preghiamo di inviare una segnalazione.<\/p>\n<h2><strong>Accessibilit\u00e0 e Anonimato<\/strong><\/h2>\n<p>Il servizio \u00e8 accessibile a tutti i dipendenti, clienti e parti interessate. Garantiamo l&#8217;anonimato completo e la sicurezza per chiunque desideri segnalare potenziali irregolarit\u00e0 o comportamenti non etici. Il sistema \u00e8 gestito da un fornitore di servizi esterno e imparziale, assicurando che le segnalazioni siano trattate con la massima riservatezza.<\/p>\n<h2><strong>Come Funziona<\/strong><\/h2>\n<p>Le segnalazioni possono essere effettuate anonimamente. Al momento della segnalazione, verr\u00e0 fornito un ID e una password per consentire il monitoraggio del caso e la comunicazione con il nostro team, nel rispetto della massima riservatezza. Tutte le segnalazioni verranno gestite da persone delegate all&#8217;interno della nostra organizzazione. Le informazioni inviate tramite il nostro canale sono completamente riservate e non ci sono rischi di ritorsione.<\/p>\n<h2><strong>Tipologia di Segnalazioni<\/strong><\/h2>\n<p>l sistema \u00e8 destinato a segnalare sospetti gravi di cattiva condotta, frode, corruzione o altre violazioni etiche e legali. Incoraggiamo le segnalazioni fatte in buona fede e ci impegniamo a proteggere da ritorsioni chi sceglie di parlare. Inviate sempre informazioni veritiere e descrivete la situazione di cui siete stati testimoni nel modo pi\u00f9 dettagliato possibile. Se necessario, allegate documenti di supporto.<\/p>\n<h2><strong>Il Nostro Impegno<\/strong><\/h2>\n<p>Grazie per aiutarci a mantenere Aret\u00e8 Cocchi Technology un luogo di lavoro etico e responsabile. La tua voce \u00e8 importante per noi.<\/p>\n<\/div>\n<\/div>\n<\/div>\n<p>[\/et_pb_text][et_pb_button button_url=&#8221;https:\/\/www.faceup.com\/c\/n4mkmlmm&#8221; url_new_window=&#8221;on&#8221; button_text=&#8221;Invia segnalazione&#8221; _builder_version=&#8221;4.23.1&#8243; _module_preset=&#8221;default&#8221; global_colors_info=&#8221;{}&#8221;][\/et_pb_button][\/et_pb_column][\/et_pb_row][\/et_pb_section]<\/p>\n","protected":false},"excerpt":{"rendered":"<p>Promuovere l&#8217;Integrit\u00e0 e la Fiducia In Priatherm, ci impegniamo a mantenere i pi\u00f9 elevati standard di etica aziendale e integrit\u00e0. Il nostro sistema di segnalazione (whistleblowing) rappresenta un elemento cruciale per garantire trasparenza e fiducia tra i nostri dipendenti, clienti e tutte le parti interessate. Se sospettate un comportamento non corretto nella nostra organizzazione, vi preghiamo di inviare una segnalazione. Accessibilit\u00e0 e Anonimato Il servizio \u00e8 accessibile a tutti i dipendenti, clienti e parti interessate. Garantiamo l&#8217;anonimato completo e la sicurezza per chiunque desideri segnalare potenziali irregolarit\u00e0 o comportamenti non etici. Il sistema \u00e8 gestito da un fornitore di servizi esterno e imparziale, assicurando che le segnalazioni siano trattate con la massima riservatezza. Come Funziona Le segnalazioni possono essere effettuate anonimamente. Al momento della segnalazione, verr\u00e0 fornito un ID e una password per consentire il monitoraggio del caso e la comunicazione con il nostro team, nel rispetto della massima riservatezza. Tutte le segnalazioni verranno gestite da persone delegate all&#8217;interno della nostra organizzazione. Le informazioni inviate tramite il nostro canale sono completamente riservate e non ci sono rischi di ritorsione. Tipologia di Segnalazioni l sistema \u00e8 destinato a segnalare sospetti gravi di cattiva condotta, frode, corruzione o altre violazioni etiche e [&hellip;]<\/p>\n","protected":false},"author":1,"featured_media":9580,"parent":0,"menu_order":0,"comment_status":"closed","ping_status":"closed","template":"","meta":{"_et_pb_use_builder":"on","_et_pb_old_content":"","_et_gb_content_width":"","footnotes":""},"class_list":["post-11430","page","type-page","status-publish","has-post-thumbnail","hentry"],"yoast_head":"<!-- This site is optimized with the Yoast SEO plugin v27.3 - https:\/\/yoast.com\/product\/yoast-seo-wordpress\/ -->\n<title>Sistema di Segnalazione (Whistleblowing) di Priatherm<\/title>\n<meta name=\"robots\" content=\"noindex, nofollow\" \/>\n<meta property=\"og:locale\" content=\"it_IT\" \/>\n<meta property=\"og:type\" content=\"article\" \/>\n<meta property=\"og:title\" content=\"Sistema di Segnalazione (Whistleblowing) di Priatherm\" \/>\n<meta property=\"og:description\" content=\"Promuovere l&#039;Integrit\u00e0 e la Fiducia In Priatherm, ci impegniamo a mantenere i pi\u00f9 elevati standard di etica aziendale e integrit\u00e0. Il nostro sistema di segnalazione (whistleblowing) rappresenta un elemento cruciale per garantire trasparenza e fiducia tra i nostri dipendenti, clienti e tutte le parti interessate. Se sospettate un comportamento non corretto nella nostra organizzazione, vi preghiamo di inviare una segnalazione. Accessibilit\u00e0 e Anonimato Il servizio \u00e8 accessibile a tutti i dipendenti, clienti e parti interessate. Garantiamo l&#039;anonimato completo e la sicurezza per chiunque desideri segnalare potenziali irregolarit\u00e0 o comportamenti non etici. Il sistema \u00e8 gestito da un fornitore di servizi esterno e imparziale, assicurando che le segnalazioni siano trattate con la massima riservatezza. Come Funziona Le segnalazioni possono essere effettuate anonimamente. Al momento della segnalazione, verr\u00e0 fornito un ID e una password per consentire il monitoraggio del caso e la comunicazione con il nostro team, nel rispetto della massima riservatezza. Tutte le segnalazioni verranno gestite da persone delegate all&#039;interno della nostra organizzazione. Le informazioni inviate tramite il nostro canale sono completamente riservate e non ci sono rischi di ritorsione. Tipologia di Segnalazioni l sistema \u00e8 destinato a segnalare sospetti gravi di cattiva condotta, frode, corruzione o altre violazioni etiche e [&hellip;]\" \/>\n<meta property=\"og:url\" content=\"https:\/\/priatherm.com\/it\/sistema-di-segnalazione-whistleblowing-di-priatherm\/\" \/>\n<meta property=\"og:site_name\" content=\"Priatherm\" \/>\n<meta property=\"article:modified_time\" content=\"2023-12-06T09:08:04+00:00\" \/>\n<meta property=\"og:image\" content=\"https:\/\/priatherm.com\/wp-content\/uploads\/2021\/06\/broadcasting-w.jpg\" \/>\n\t<meta property=\"og:image:width\" content=\"1400\" \/>\n\t<meta property=\"og:image:height\" content=\"731\" \/>\n\t<meta property=\"og:image:type\" content=\"image\/jpeg\" \/>\n<meta name=\"twitter:card\" content=\"summary_large_image\" \/>\n<meta name=\"twitter:label1\" content=\"Tempo di lettura stimato\" \/>\n\t<meta name=\"twitter:data1\" content=\"3 minuti\" \/>\n<script type=\"application\/ld+json\" class=\"yoast-schema-graph\">{\"@context\":\"https:\\\/\\\/schema.org\",\"@graph\":[{\"@type\":\"WebPage\",\"@id\":\"https:\\\/\\\/priatherm.com\\\/it\\\/sistema-di-segnalazione-whistleblowing-di-priatherm\\\/\",\"url\":\"https:\\\/\\\/priatherm.com\\\/it\\\/sistema-di-segnalazione-whistleblowing-di-priatherm\\\/\",\"name\":\"Sistema di Segnalazione (Whistleblowing) di Priatherm\",\"isPartOf\":{\"@id\":\"https:\\\/\\\/priatherm.com\\\/it\\\/#website\"},\"primaryImageOfPage\":{\"@id\":\"https:\\\/\\\/priatherm.com\\\/it\\\/sistema-di-segnalazione-whistleblowing-di-priatherm\\\/#primaryimage\"},\"image\":{\"@id\":\"https:\\\/\\\/priatherm.com\\\/it\\\/sistema-di-segnalazione-whistleblowing-di-priatherm\\\/#primaryimage\"},\"thumbnailUrl\":\"https:\\\/\\\/priatherm.com\\\/wp-content\\\/uploads\\\/2021\\\/06\\\/broadcasting-w.jpg\",\"datePublished\":\"2023-12-04T11:07:47+00:00\",\"dateModified\":\"2023-12-06T09:08:04+00:00\",\"breadcrumb\":{\"@id\":\"https:\\\/\\\/priatherm.com\\\/it\\\/sistema-di-segnalazione-whistleblowing-di-priatherm\\\/#breadcrumb\"},\"inLanguage\":\"it-IT\",\"potentialAction\":[{\"@type\":\"ReadAction\",\"target\":[\"https:\\\/\\\/priatherm.com\\\/it\\\/sistema-di-segnalazione-whistleblowing-di-priatherm\\\/\"]}]},{\"@type\":\"ImageObject\",\"inLanguage\":\"it-IT\",\"@id\":\"https:\\\/\\\/priatherm.com\\\/it\\\/sistema-di-segnalazione-whistleblowing-di-priatherm\\\/#primaryimage\",\"url\":\"https:\\\/\\\/priatherm.com\\\/wp-content\\\/uploads\\\/2021\\\/06\\\/broadcasting-w.jpg\",\"contentUrl\":\"https:\\\/\\\/priatherm.com\\\/wp-content\\\/uploads\\\/2021\\\/06\\\/broadcasting-w.jpg\",\"width\":1400,\"height\":731},{\"@type\":\"BreadcrumbList\",\"@id\":\"https:\\\/\\\/priatherm.com\\\/it\\\/sistema-di-segnalazione-whistleblowing-di-priatherm\\\/#breadcrumb\",\"itemListElement\":[{\"@type\":\"ListItem\",\"position\":1,\"name\":\"Home\",\"item\":\"https:\\\/\\\/priatherm.com\\\/it\\\/\"},{\"@type\":\"ListItem\",\"position\":2,\"name\":\"Sistema di Segnalazione (Whistleblowing) di Priatherm\"}]},{\"@type\":\"WebSite\",\"@id\":\"https:\\\/\\\/priatherm.com\\\/it\\\/#website\",\"url\":\"https:\\\/\\\/priatherm.com\\\/it\\\/\",\"name\":\"Priatherm\",\"description\":\"Thermal management solutions\",\"publisher\":{\"@id\":\"https:\\\/\\\/priatherm.com\\\/it\\\/#organization\"},\"potentialAction\":[{\"@type\":\"SearchAction\",\"target\":{\"@type\":\"EntryPoint\",\"urlTemplate\":\"https:\\\/\\\/priatherm.com\\\/it\\\/?s={search_term_string}\"},\"query-input\":{\"@type\":\"PropertyValueSpecification\",\"valueRequired\":true,\"valueName\":\"search_term_string\"}}],\"inLanguage\":\"it-IT\"},{\"@type\":\"Organization\",\"@id\":\"https:\\\/\\\/priatherm.com\\\/it\\\/#organization\",\"name\":\"Priatherm\",\"url\":\"https:\\\/\\\/priatherm.com\\\/it\\\/\",\"logo\":{\"@type\":\"ImageObject\",\"inLanguage\":\"it-IT\",\"@id\":\"https:\\\/\\\/priatherm.com\\\/it\\\/#\\\/schema\\\/logo\\\/image\\\/\",\"url\":\"https:\\\/\\\/priatherm.com\\\/wp-content\\\/uploads\\\/2018\\\/03\\\/Priatherm-Logo-RGB.png\",\"contentUrl\":\"https:\\\/\\\/priatherm.com\\\/wp-content\\\/uploads\\\/2018\\\/03\\\/Priatherm-Logo-RGB.png\",\"width\":1432,\"height\":601,\"caption\":\"Priatherm\"},\"image\":{\"@id\":\"https:\\\/\\\/priatherm.com\\\/it\\\/#\\\/schema\\\/logo\\\/image\\\/\"},\"sameAs\":[\"https:\\\/\\\/it.linkedin.com\\\/company\\\/priatherm\"]}]}<\/script>\n<!-- \/ Yoast SEO plugin. -->","yoast_head_json":{"title":"Sistema di Segnalazione (Whistleblowing) di Priatherm","robots":{"index":"noindex","follow":"nofollow"},"og_locale":"it_IT","og_type":"article","og_title":"Sistema di Segnalazione (Whistleblowing) di Priatherm","og_description":"Promuovere l'Integrit\u00e0 e la Fiducia In Priatherm, ci impegniamo a mantenere i pi\u00f9 elevati standard di etica aziendale e integrit\u00e0. Il nostro sistema di segnalazione (whistleblowing) rappresenta un elemento cruciale per garantire trasparenza e fiducia tra i nostri dipendenti, clienti e tutte le parti interessate. Se sospettate un comportamento non corretto nella nostra organizzazione, vi preghiamo di inviare una segnalazione. Accessibilit\u00e0 e Anonimato Il servizio \u00e8 accessibile a tutti i dipendenti, clienti e parti interessate. Garantiamo l'anonimato completo e la sicurezza per chiunque desideri segnalare potenziali irregolarit\u00e0 o comportamenti non etici. Il sistema \u00e8 gestito da un fornitore di servizi esterno e imparziale, assicurando che le segnalazioni siano trattate con la massima riservatezza. Come Funziona Le segnalazioni possono essere effettuate anonimamente. Al momento della segnalazione, verr\u00e0 fornito un ID e una password per consentire il monitoraggio del caso e la comunicazione con il nostro team, nel rispetto della massima riservatezza. Tutte le segnalazioni verranno gestite da persone delegate all'interno della nostra organizzazione. Le informazioni inviate tramite il nostro canale sono completamente riservate e non ci sono rischi di ritorsione. Tipologia di Segnalazioni l sistema \u00e8 destinato a segnalare sospetti gravi di cattiva condotta, frode, corruzione o altre violazioni etiche e [&hellip;]","og_url":"https:\/\/priatherm.com\/it\/sistema-di-segnalazione-whistleblowing-di-priatherm\/","og_site_name":"Priatherm","article_modified_time":"2023-12-06T09:08:04+00:00","og_image":[{"width":1400,"height":731,"url":"https:\/\/priatherm.com\/wp-content\/uploads\/2021\/06\/broadcasting-w.jpg","type":"image\/jpeg"}],"twitter_card":"summary_large_image","twitter_misc":{"Tempo di lettura stimato":"3 minuti"},"schema":{"@context":"https:\/\/schema.org","@graph":[{"@type":"WebPage","@id":"https:\/\/priatherm.com\/it\/sistema-di-segnalazione-whistleblowing-di-priatherm\/","url":"https:\/\/priatherm.com\/it\/sistema-di-segnalazione-whistleblowing-di-priatherm\/","name":"Sistema di Segnalazione (Whistleblowing) di Priatherm","isPartOf":{"@id":"https:\/\/priatherm.com\/it\/#website"},"primaryImageOfPage":{"@id":"https:\/\/priatherm.com\/it\/sistema-di-segnalazione-whistleblowing-di-priatherm\/#primaryimage"},"image":{"@id":"https:\/\/priatherm.com\/it\/sistema-di-segnalazione-whistleblowing-di-priatherm\/#primaryimage"},"thumbnailUrl":"https:\/\/priatherm.com\/wp-content\/uploads\/2021\/06\/broadcasting-w.jpg","datePublished":"2023-12-04T11:07:47+00:00","dateModified":"2023-12-06T09:08:04+00:00","breadcrumb":{"@id":"https:\/\/priatherm.com\/it\/sistema-di-segnalazione-whistleblowing-di-priatherm\/#breadcrumb"},"inLanguage":"it-IT","potentialAction":[{"@type":"ReadAction","target":["https:\/\/priatherm.com\/it\/sistema-di-segnalazione-whistleblowing-di-priatherm\/"]}]},{"@type":"ImageObject","inLanguage":"it-IT","@id":"https:\/\/priatherm.com\/it\/sistema-di-segnalazione-whistleblowing-di-priatherm\/#primaryimage","url":"https:\/\/priatherm.com\/wp-content\/uploads\/2021\/06\/broadcasting-w.jpg","contentUrl":"https:\/\/priatherm.com\/wp-content\/uploads\/2021\/06\/broadcasting-w.jpg","width":1400,"height":731},{"@type":"BreadcrumbList","@id":"https:\/\/priatherm.com\/it\/sistema-di-segnalazione-whistleblowing-di-priatherm\/#breadcrumb","itemListElement":[{"@type":"ListItem","position":1,"name":"Home","item":"https:\/\/priatherm.com\/it\/"},{"@type":"ListItem","position":2,"name":"Sistema di Segnalazione (Whistleblowing) di Priatherm"}]},{"@type":"WebSite","@id":"https:\/\/priatherm.com\/it\/#website","url":"https:\/\/priatherm.com\/it\/","name":"Priatherm","description":"Thermal management solutions","publisher":{"@id":"https:\/\/priatherm.com\/it\/#organization"},"potentialAction":[{"@type":"SearchAction","target":{"@type":"EntryPoint","urlTemplate":"https:\/\/priatherm.com\/it\/?s={search_term_string}"},"query-input":{"@type":"PropertyValueSpecification","valueRequired":true,"valueName":"search_term_string"}}],"inLanguage":"it-IT"},{"@type":"Organization","@id":"https:\/\/priatherm.com\/it\/#organization","name":"Priatherm","url":"https:\/\/priatherm.com\/it\/","logo":{"@type":"ImageObject","inLanguage":"it-IT","@id":"https:\/\/priatherm.com\/it\/#\/schema\/logo\/image\/","url":"https:\/\/priatherm.com\/wp-content\/uploads\/2018\/03\/Priatherm-Logo-RGB.png","contentUrl":"https:\/\/priatherm.com\/wp-content\/uploads\/2018\/03\/Priatherm-Logo-RGB.png","width":1432,"height":601,"caption":"Priatherm"},"image":{"@id":"https:\/\/priatherm.com\/it\/#\/schema\/logo\/image\/"},"sameAs":["https:\/\/it.linkedin.com\/company\/priatherm"]}]}},"_links":{"self":[{"href":"https:\/\/priatherm.com\/it\/wp-json\/wp\/v2\/pages\/11430","targetHints":{"allow":["GET"]}}],"collection":[{"href":"https:\/\/priatherm.com\/it\/wp-json\/wp\/v2\/pages"}],"about":[{"href":"https:\/\/priatherm.com\/it\/wp-json\/wp\/v2\/types\/page"}],"author":[{"embeddable":true,"href":"https:\/\/priatherm.com\/it\/wp-json\/wp\/v2\/users\/1"}],"replies":[{"embeddable":true,"href":"https:\/\/priatherm.com\/it\/wp-json\/wp\/v2\/comments?post=11430"}],"version-history":[{"count":14,"href":"https:\/\/priatherm.com\/it\/wp-json\/wp\/v2\/pages\/11430\/revisions"}],"predecessor-version":[{"id":11446,"href":"https:\/\/priatherm.com\/it\/wp-json\/wp\/v2\/pages\/11430\/revisions\/11446"}],"wp:featuredmedia":[{"embeddable":true,"href":"https:\/\/priatherm.com\/it\/wp-json\/wp\/v2\/media\/9580"}],"wp:attachment":[{"href":"https:\/\/priatherm.com\/it\/wp-json\/wp\/v2\/media?parent=11430"}],"curies":[{"name":"wp","href":"https:\/\/api.w.org\/{rel}","templated":true}]}}