{"id":11823,"date":"2025-04-11T16:34:45","date_gmt":"2025-04-11T14:34:45","guid":{"rendered":"https:\/\/priatherm.com\/energy-storage\/"},"modified":"2025-04-11T16:44:54","modified_gmt":"2025-04-11T14:44:54","slug":"energy-storage","status":"publish","type":"page","link":"https:\/\/priatherm.com\/it\/energy-storage\/","title":{"rendered":"Energy Storage"},"content":{"rendered":"<p>[et_pb_section fb_built=&#8221;1&#8243; fullwidth=&#8221;on&#8221; _builder_version=&#8221;4.18.0&#8243; _module_preset=&#8221;default&#8221; min_height=&#8221;60vh&#8221; locked=&#8221;off&#8221; global_colors_info=&#8221;{}&#8221;][et_pb_fullwidth_slider show_arrows=&#8221;off&#8221; show_pagination=&#8221;off&#8221; arrows_custom_color=&#8221;#abc52e&#8221; dot_nav_custom_color=&#8221;#abc52e&#8221; _builder_version=&#8221;4.19.1&#8243; _module_preset=&#8221;default&#8221; header_level=&#8221;h1&#8243; header_font=&#8221;|700|||||||&#8221; header_font_size=&#8221;40px&#8221; header_line_height=&#8221;1.2em&#8221; background_enable_image=&#8221;off&#8221; min_height=&#8221;60vh&#8221; max_height=&#8221;42vh&#8221; max_height_tablet=&#8221;55vh&#8221; max_height_phone=&#8221;55vh&#8221; max_height_last_edited=&#8221;on|desktop&#8221; global_colors_info=&#8221;{}&#8221;][et_pb_slide heading=&#8221;@ET-DC@eyJkeW5hbWljIjp0cnVlLCJjb250ZW50IjoicG9zdF90aXRsZSIsInNldHRpbmdzIjp7ImJlZm9yZSI6IiIsImFmdGVyIjoiIn19@&#8221; _builder_version=&#8221;4.19.1&#8243; _dynamic_attributes=&#8221;heading,background_image&#8221; _module_preset=&#8221;default&#8221; header_level=&#8221;h1&#8243; header_font=&#8221;|700|||||||&#8221; header_font_size=&#8221;40px&#8221; background_color=&#8221;rgba(0,0,0,0.5)&#8221; background_enable_color=&#8221;on&#8221; background_image=&#8221;@ET-DC@eyJkeW5hbWljIjp0cnVlLCJjb250ZW50IjoicG9zdF9mZWF0dXJlZF9pbWFnZSIsInNldHRpbmdzIjp7fX0=@&#8221; background_enable_image=&#8221;on&#8221; background_position=&#8221;bottom_center&#8221; background_blend=&#8221;overlay&#8221; global_colors_info=&#8221;{}&#8221; sticky_transition=&#8221;on&#8221;][\/et_pb_slide][\/et_pb_fullwidth_slider][\/et_pb_section][et_pb_section fb_built=&#8221;1&#8243; _builder_version=&#8221;4.19.0&#8243; _module_preset=&#8221;default&#8221; global_colors_info=&#8221;{}&#8221;][et_pb_row _builder_version=&#8221;4.17.4&#8243; _module_preset=&#8221;default&#8221; global_colors_info=&#8221;{}&#8221;][et_pb_column type=&#8221;4_4&#8243; _builder_version=&#8221;4.17.4&#8243; _module_preset=&#8221;default&#8221; global_colors_info=&#8221;{}&#8221;][dsm_breadcrumbs show_home_icon=&#8221;off&#8221; _builder_version=&#8221;4.17.4&#8243; _module_preset=&#8221;default&#8221; global_colors_info=&#8221;{}&#8221;][\/dsm_breadcrumbs][\/et_pb_column][\/et_pb_row][et_pb_row _builder_version=&#8221;4.17.4&#8243; _module_preset=&#8221;default&#8221; custom_padding=&#8221;||0px||false|false&#8221; global_colors_info=&#8221;{}&#8221;][et_pb_column type=&#8221;4_4&#8243; _builder_version=&#8221;4.17.4&#8243; _module_preset=&#8221;default&#8221; global_colors_info=&#8221;{}&#8221;][et_pb_text _builder_version=&#8221;4.27.4&#8243; _module_preset=&#8221;default&#8221; global_colors_info=&#8221;{}&#8221;]<\/p>\n<p>Negli ultimi anni, il mercato globale dei sistemi di accumulo di energia (Energy Storage Systems, ESS) ha registrato una crescita esponenziale, spinto dalla transizione energetica, dalla diffusione delle fonti rinnovabili e dalla necessit\u00e0 di garantire stabilit\u00e0 alle reti elettriche. Le previsioni di settore stimano che la capacit\u00e0 installata globale degli ESS superer\u00e0 i 400 GWh entro il 2030. In questo contesto, la gestione termica delle batterie \u00e8 diventata una delle sfide pi\u00f9 critiche, influenzando sia l\u2019efficienza che la sicurezza dei sistemi.<\/p>\n<p>Le batterie agli ioni di litio, attualmente la tecnologia pi\u00f9 utilizzata negli impianti di accumulo, sono estremamente sensibili alla temperatura. Un eccessivo riscaldamento pu\u00f2 compromettere le prestazioni, accelerare l\u2019invecchiamento chimico e, nei casi pi\u00f9 estremi, portare a eventi di \u201cThermal Runaway\u201d. Al contrario, temperature troppo basse possono ridurre sensibilmente la capacit\u00e0 di carica e scarica.<\/p>\n<p>Per questi motivi, \u00e8 essenziale disporre di un <strong>sistema di gestione termica efficiente e affidabile<\/strong>. Le piastre di raffreddamento a liquido sviluppate da <strong>PRIATHERM<\/strong> rappresentano una delle soluzioni pi\u00f9 efficaci per mantenere le batterie all\u2019interno del loro intervallo termico ottimale. Rispetto ai sistemi raffreddati ad aria, offrono una maggiore capacit\u00e0 di dissipazione del calore, minori ingombri e una distribuzione termica pi\u00f9 uniforme \u2014 vantaggi fondamentali nei moderni racks di batterie ad alta densit\u00e0.<\/p>\n<p>L\u2019integrazione delle soluzioni di <strong>raffreddamento a liquido <a href=\"\/it\/prodotti\/pt-zed\/\">PT Zed<\/a> e <a href=\"\/it\/prodotti\/pt-slim\/\">PT Slim<\/a> firmate PRIATHERM<\/strong> nei sistemi ESS consente non solo di prolungare la vita utile delle batterie, ma anche di migliorarne l\u2019efficienza operativa, garantendo un funzionamento sicuro anche in condizioni di elevato carico termico. Grazie alla modularit\u00e0 dei nostri prodotti, \u00e8 possibile adattare ogni soluzione alle esigenze specifiche di applicazioni residenziali, commerciali o utility-scale.<\/p>\n<p>Con l\u2019evoluzione continua del mercato dello storage energetico, <strong>PRIATHERM<\/strong> si propone come partner tecnologico affidabile per la gestione termica avanzata, contribuendo allo sviluppo di un futuro energetico pi\u00f9 sicuro, efficiente e sostenibile.<\/p>\n<p>[\/et_pb_text][\/et_pb_column][\/et_pb_row][\/et_pb_section][et_pb_section fb_built=&#8221;1&#8243; _builder_version=&#8221;4.19.0&#8243; _module_preset=&#8221;default&#8221; background_color=&#8221;#f7f7f7&#8243; global_colors_info=&#8221;{}&#8221;][et_pb_row _builder_version=&#8221;4.17.4&#8243; _module_preset=&#8221;default&#8221; custom_padding=&#8221;||0px||false|false&#8221; locked=&#8221;off&#8221; global_colors_info=&#8221;{}&#8221;][et_pb_column type=&#8221;4_4&#8243; _builder_version=&#8221;4.17.4&#8243; _module_preset=&#8221;default&#8221; global_colors_info=&#8221;{}&#8221;][et_pb_text _builder_version=&#8221;4.27.4&#8243; _module_preset=&#8221;default&#8221; text_orientation=&#8221;center&#8221; hover_enabled=&#8221;0&#8243; global_colors_info=&#8221;{}&#8221; sticky_enabled=&#8221;0&#8243;]<\/p>\n<h2>Articoli su Energy Storage<\/h2>\n<p>&nbsp;<\/p>\n<p>[\/et_pb_text][et_pb_blog_extras posts_number=&#8221;9&#8243; include_categories=&#8221;56&#8243; blog_layout=&#8221;block_extended&#8221; show_more=&#8221;off&#8221; show_author=&#8221;off&#8221; show_date=&#8221;off&#8221; show_categories=&#8221;off&#8221; show_comments=&#8221;off&#8221; show_load_more=&#8221;on&#8221; _builder_version=&#8221;4.27.4&#8243; _module_preset=&#8221;default&#8221; header_level=&#8221;h3&#8243; hover_enabled=&#8221;0&#8243; border_radii=&#8221;on|7px|7px|7px|7px&#8221; box_shadow_style=&#8221;preset3&#8243; box_shadow_blur=&#8221;12px&#8221; box_shadow_spread=&#8221;-8px&#8221; box_shadow_color=&#8221;rgba(0,0,0,0.15)&#8221; global_colors_info=&#8221;{}&#8221; sticky_enabled=&#8221;0&#8243;][\/et_pb_blog_extras][\/et_pb_column][\/et_pb_row][\/et_pb_section]<\/p>\n","protected":false},"excerpt":{"rendered":"<p><div class=\"et_pb_module dsm_breadcrumbs dsm_breadcrumbs_0\">\n\t\t\t\t\n\t\t\t\t\n\t\t\t\t\n\t\t\t\t\n\t\t\t\t\n\t\t\t\t\n\t\t\t\t<div class=\"et_pb_module_inner\">\n\t\t\t\t\t<nav class=\"dsm_breadcrumbs_wrap\">\n\t\t\t\t<ul class=\"dsm_breadcrumbs\" itemscope itemtype=\"https:\/\/schema.org\/BreadcrumbList\">\t\t\t<li class=\"dsm_breadcrumbs_item dsm_home_item dsm_home_item_custom\" itemprop=\"itemListElement\" itemscope\n\t\t\titemtype=\"https:\/\/schema.org\/ListItem\">\n\t\t\t\t<a href=\"https:\/\/priatherm.com\/it\/\" itemprop=\"item\" target=\"\">\n\t\t\t\t\t<span class='dsm_home_text_wrapper'>\n\t\t\t\t\t\t\t\t\t\t\t\t\t<span class=\"dsm_home_text\" itemprop=\"name\">\n\t\t\t\t\t\t\t\tHome\t\t\t\t\t\t\t<\/span>\n\t\t\t\t\t<\/span>\n\t\t\t\t<\/a>\n\t\t\t\t<meta itemprop=\"position\" content=\"1\" \/>\n\t\t\t<\/li>\n\n\t\t<li class=\"dsm_breadcrumbs_separator\"> <span class=\"et-pb-icon dsm_separator_icon\">5<\/span><\/li><\/ul>\n\t\t\t<\/nav>\n\t\t\t\t<\/div>\n\t\t\t<\/div>Negli ultimi anni, il mercato globale dei sistemi di accumulo di energia (Energy Storage Systems, ESS) ha registrato una crescita esponenziale, spinto dalla transizione energetica, dalla diffusione delle fonti rinnovabili e dalla necessit\u00e0 di garantire stabilit\u00e0 alle reti elettriche. Le previsioni di settore stimano che la capacit\u00e0 installata globale degli ESS superer\u00e0 i 400 GWh entro il 2030. In questo contesto, la gestione termica delle batterie \u00e8 diventata una delle sfide pi\u00f9 critiche, influenzando sia l\u2019efficienza che la sicurezza dei sistemi. Le batterie agli ioni di litio, attualmente la tecnologia pi\u00f9 utilizzata negli impianti di accumulo, sono estremamente sensibili alla temperatura. Un eccessivo riscaldamento pu\u00f2 compromettere le prestazioni, accelerare l\u2019invecchiamento chimico e, nei casi pi\u00f9 estremi, portare a eventi di \u201cThermal Runaway\u201d. Al contrario, temperature troppo basse possono ridurre sensibilmente la capacit\u00e0 di carica e scarica. Per questi motivi, \u00e8 essenziale disporre di un sistema di gestione termica efficiente e affidabile. Le piastre di raffreddamento a liquido sviluppate da PRIATHERM rappresentano una delle soluzioni pi\u00f9 efficaci per mantenere le batterie all\u2019interno del loro intervallo termico ottimale. Rispetto ai sistemi raffreddati ad aria, offrono una maggiore capacit\u00e0 di dissipazione del calore, minori ingombri e una distribuzione termica [&hellip;]<\/p>\n","protected":false},"author":1,"featured_media":11821,"parent":0,"menu_order":0,"comment_status":"closed","ping_status":"closed","template":"","meta":{"_et_pb_use_builder":"on","_et_pb_old_content":"","_et_gb_content_width":"","footnotes":""},"class_list":["post-11823","page","type-page","status-publish","has-post-thumbnail","hentry"],"yoast_head":"<!-- This site is optimized with the Yoast SEO plugin v27.3 - https:\/\/yoast.com\/product\/yoast-seo-wordpress\/ -->\n<title>Energy Storage - Priatherm<\/title>\n<meta name=\"description\" content=\"Con l\u2019evoluzione continua del mercato dello storage energetico, PRIATHERM si propone come partner tecnologico affidabile per la gestione termica avanzata.\" \/>\n<meta name=\"robots\" content=\"index, follow, max-snippet:-1, max-image-preview:large, max-video-preview:-1\" \/>\n<link rel=\"canonical\" href=\"https:\/\/priatherm.com\/it\/energy-storage\/\" \/>\n<meta property=\"og:locale\" content=\"it_IT\" \/>\n<meta property=\"og:type\" content=\"article\" \/>\n<meta property=\"og:title\" content=\"Energy Storage - Priatherm\" \/>\n<meta property=\"og:description\" content=\"Con l\u2019evoluzione continua del mercato dello storage energetico, PRIATHERM si propone come partner tecnologico affidabile per la gestione termica avanzata.\" \/>\n<meta property=\"og:url\" content=\"https:\/\/priatherm.com\/it\/energy-storage\/\" \/>\n<meta property=\"og:site_name\" content=\"Priatherm\" \/>\n<meta property=\"article:modified_time\" content=\"2025-04-11T14:44:54+00:00\" \/>\n<meta property=\"og:image\" content=\"https:\/\/priatherm.com\/wp-content\/uploads\/2025\/04\/energy-storage.jpg\" \/>\n\t<meta property=\"og:image:width\" content=\"1600\" \/>\n\t<meta property=\"og:image:height\" content=\"1018\" \/>\n\t<meta property=\"og:image:type\" content=\"image\/jpeg\" \/>\n<meta name=\"twitter:card\" content=\"summary_large_image\" \/>\n<meta name=\"twitter:label1\" content=\"Tempo di lettura stimato\" \/>\n\t<meta name=\"twitter:data1\" content=\"2 minuti\" \/>\n<script type=\"application\/ld+json\" class=\"yoast-schema-graph\">{\"@context\":\"https:\\\/\\\/schema.org\",\"@graph\":[{\"@type\":\"WebPage\",\"@id\":\"https:\\\/\\\/priatherm.com\\\/it\\\/energy-storage\\\/\",\"url\":\"https:\\\/\\\/priatherm.com\\\/it\\\/energy-storage\\\/\",\"name\":\"Energy Storage - Priatherm\",\"isPartOf\":{\"@id\":\"https:\\\/\\\/priatherm.com\\\/it\\\/#website\"},\"primaryImageOfPage\":{\"@id\":\"https:\\\/\\\/priatherm.com\\\/it\\\/energy-storage\\\/#primaryimage\"},\"image\":{\"@id\":\"https:\\\/\\\/priatherm.com\\\/it\\\/energy-storage\\\/#primaryimage\"},\"thumbnailUrl\":\"https:\\\/\\\/priatherm.com\\\/wp-content\\\/uploads\\\/2025\\\/04\\\/energy-storage.jpg\",\"datePublished\":\"2025-04-11T14:34:45+00:00\",\"dateModified\":\"2025-04-11T14:44:54+00:00\",\"description\":\"Con l\u2019evoluzione continua del mercato dello storage energetico, PRIATHERM si propone come partner tecnologico affidabile per la gestione termica avanzata.\",\"breadcrumb\":{\"@id\":\"https:\\\/\\\/priatherm.com\\\/it\\\/energy-storage\\\/#breadcrumb\"},\"inLanguage\":\"it-IT\",\"potentialAction\":[{\"@type\":\"ReadAction\",\"target\":[\"https:\\\/\\\/priatherm.com\\\/it\\\/energy-storage\\\/\"]}]},{\"@type\":\"ImageObject\",\"inLanguage\":\"it-IT\",\"@id\":\"https:\\\/\\\/priatherm.com\\\/it\\\/energy-storage\\\/#primaryimage\",\"url\":\"https:\\\/\\\/priatherm.com\\\/wp-content\\\/uploads\\\/2025\\\/04\\\/energy-storage.jpg\",\"contentUrl\":\"https:\\\/\\\/priatherm.com\\\/wp-content\\\/uploads\\\/2025\\\/04\\\/energy-storage.jpg\",\"width\":1600,\"height\":1018},{\"@type\":\"BreadcrumbList\",\"@id\":\"https:\\\/\\\/priatherm.com\\\/it\\\/energy-storage\\\/#breadcrumb\",\"itemListElement\":[{\"@type\":\"ListItem\",\"position\":1,\"name\":\"Home\",\"item\":\"https:\\\/\\\/priatherm.com\\\/it\\\/\"},{\"@type\":\"ListItem\",\"position\":2,\"name\":\"Energy Storage\"}]},{\"@type\":\"WebSite\",\"@id\":\"https:\\\/\\\/priatherm.com\\\/it\\\/#website\",\"url\":\"https:\\\/\\\/priatherm.com\\\/it\\\/\",\"name\":\"Priatherm\",\"description\":\"Thermal management solutions\",\"publisher\":{\"@id\":\"https:\\\/\\\/priatherm.com\\\/it\\\/#organization\"},\"potentialAction\":[{\"@type\":\"SearchAction\",\"target\":{\"@type\":\"EntryPoint\",\"urlTemplate\":\"https:\\\/\\\/priatherm.com\\\/it\\\/?s={search_term_string}\"},\"query-input\":{\"@type\":\"PropertyValueSpecification\",\"valueRequired\":true,\"valueName\":\"search_term_string\"}}],\"inLanguage\":\"it-IT\"},{\"@type\":\"Organization\",\"@id\":\"https:\\\/\\\/priatherm.com\\\/it\\\/#organization\",\"name\":\"Priatherm\",\"url\":\"https:\\\/\\\/priatherm.com\\\/it\\\/\",\"logo\":{\"@type\":\"ImageObject\",\"inLanguage\":\"it-IT\",\"@id\":\"https:\\\/\\\/priatherm.com\\\/it\\\/#\\\/schema\\\/logo\\\/image\\\/\",\"url\":\"https:\\\/\\\/priatherm.com\\\/wp-content\\\/uploads\\\/2018\\\/03\\\/Priatherm-Logo-RGB.png\",\"contentUrl\":\"https:\\\/\\\/priatherm.com\\\/wp-content\\\/uploads\\\/2018\\\/03\\\/Priatherm-Logo-RGB.png\",\"width\":1432,\"height\":601,\"caption\":\"Priatherm\"},\"image\":{\"@id\":\"https:\\\/\\\/priatherm.com\\\/it\\\/#\\\/schema\\\/logo\\\/image\\\/\"},\"sameAs\":[\"https:\\\/\\\/it.linkedin.com\\\/company\\\/priatherm\"]}]}<\/script>\n<!-- \/ Yoast SEO plugin. -->","yoast_head_json":{"title":"Energy Storage - Priatherm","description":"Con l\u2019evoluzione continua del mercato dello storage energetico, PRIATHERM si propone come partner tecnologico affidabile per la gestione termica avanzata.","robots":{"index":"index","follow":"follow","max-snippet":"max-snippet:-1","max-image-preview":"max-image-preview:large","max-video-preview":"max-video-preview:-1"},"canonical":"https:\/\/priatherm.com\/it\/energy-storage\/","og_locale":"it_IT","og_type":"article","og_title":"Energy Storage - Priatherm","og_description":"Con l\u2019evoluzione continua del mercato dello storage energetico, PRIATHERM si propone come partner tecnologico affidabile per la gestione termica avanzata.","og_url":"https:\/\/priatherm.com\/it\/energy-storage\/","og_site_name":"Priatherm","article_modified_time":"2025-04-11T14:44:54+00:00","og_image":[{"width":1600,"height":1018,"url":"https:\/\/priatherm.com\/wp-content\/uploads\/2025\/04\/energy-storage.jpg","type":"image\/jpeg"}],"twitter_card":"summary_large_image","twitter_misc":{"Tempo di lettura stimato":"2 minuti"},"schema":{"@context":"https:\/\/schema.org","@graph":[{"@type":"WebPage","@id":"https:\/\/priatherm.com\/it\/energy-storage\/","url":"https:\/\/priatherm.com\/it\/energy-storage\/","name":"Energy Storage - Priatherm","isPartOf":{"@id":"https:\/\/priatherm.com\/it\/#website"},"primaryImageOfPage":{"@id":"https:\/\/priatherm.com\/it\/energy-storage\/#primaryimage"},"image":{"@id":"https:\/\/priatherm.com\/it\/energy-storage\/#primaryimage"},"thumbnailUrl":"https:\/\/priatherm.com\/wp-content\/uploads\/2025\/04\/energy-storage.jpg","datePublished":"2025-04-11T14:34:45+00:00","dateModified":"2025-04-11T14:44:54+00:00","description":"Con l\u2019evoluzione continua del mercato dello storage energetico, PRIATHERM si propone come partner tecnologico affidabile per la gestione termica avanzata.","breadcrumb":{"@id":"https:\/\/priatherm.com\/it\/energy-storage\/#breadcrumb"},"inLanguage":"it-IT","potentialAction":[{"@type":"ReadAction","target":["https:\/\/priatherm.com\/it\/energy-storage\/"]}]},{"@type":"ImageObject","inLanguage":"it-IT","@id":"https:\/\/priatherm.com\/it\/energy-storage\/#primaryimage","url":"https:\/\/priatherm.com\/wp-content\/uploads\/2025\/04\/energy-storage.jpg","contentUrl":"https:\/\/priatherm.com\/wp-content\/uploads\/2025\/04\/energy-storage.jpg","width":1600,"height":1018},{"@type":"BreadcrumbList","@id":"https:\/\/priatherm.com\/it\/energy-storage\/#breadcrumb","itemListElement":[{"@type":"ListItem","position":1,"name":"Home","item":"https:\/\/priatherm.com\/it\/"},{"@type":"ListItem","position":2,"name":"Energy Storage"}]},{"@type":"WebSite","@id":"https:\/\/priatherm.com\/it\/#website","url":"https:\/\/priatherm.com\/it\/","name":"Priatherm","description":"Thermal management solutions","publisher":{"@id":"https:\/\/priatherm.com\/it\/#organization"},"potentialAction":[{"@type":"SearchAction","target":{"@type":"EntryPoint","urlTemplate":"https:\/\/priatherm.com\/it\/?s={search_term_string}"},"query-input":{"@type":"PropertyValueSpecification","valueRequired":true,"valueName":"search_term_string"}}],"inLanguage":"it-IT"},{"@type":"Organization","@id":"https:\/\/priatherm.com\/it\/#organization","name":"Priatherm","url":"https:\/\/priatherm.com\/it\/","logo":{"@type":"ImageObject","inLanguage":"it-IT","@id":"https:\/\/priatherm.com\/it\/#\/schema\/logo\/image\/","url":"https:\/\/priatherm.com\/wp-content\/uploads\/2018\/03\/Priatherm-Logo-RGB.png","contentUrl":"https:\/\/priatherm.com\/wp-content\/uploads\/2018\/03\/Priatherm-Logo-RGB.png","width":1432,"height":601,"caption":"Priatherm"},"image":{"@id":"https:\/\/priatherm.com\/it\/#\/schema\/logo\/image\/"},"sameAs":["https:\/\/it.linkedin.com\/company\/priatherm"]}]}},"_links":{"self":[{"href":"https:\/\/priatherm.com\/it\/wp-json\/wp\/v2\/pages\/11823","targetHints":{"allow":["GET"]}}],"collection":[{"href":"https:\/\/priatherm.com\/it\/wp-json\/wp\/v2\/pages"}],"about":[{"href":"https:\/\/priatherm.com\/it\/wp-json\/wp\/v2\/types\/page"}],"author":[{"embeddable":true,"href":"https:\/\/priatherm.com\/it\/wp-json\/wp\/v2\/users\/1"}],"replies":[{"embeddable":true,"href":"https:\/\/priatherm.com\/it\/wp-json\/wp\/v2\/comments?post=11823"}],"version-history":[{"count":7,"href":"https:\/\/priatherm.com\/it\/wp-json\/wp\/v2\/pages\/11823\/revisions"}],"predecessor-version":[{"id":11837,"href":"https:\/\/priatherm.com\/it\/wp-json\/wp\/v2\/pages\/11823\/revisions\/11837"}],"wp:featuredmedia":[{"embeddable":true,"href":"https:\/\/priatherm.com\/it\/wp-json\/wp\/v2\/media\/11821"}],"wp:attachment":[{"href":"https:\/\/priatherm.com\/it\/wp-json\/wp\/v2\/media?parent=11823"}],"curies":[{"name":"wp","href":"https:\/\/api.w.org\/{rel}","templated":true}]}}